{"id":922,"date":"2025-11-04T12:58:11","date_gmt":"2025-11-04T10:58:11","guid":{"rendered":"https:\/\/bodysoulshop.com\/?post_type=product&#038;p=922"},"modified":"2025-12-08T19:00:50","modified_gmt":"2025-12-08T17:00:50","slug":"%d0%bf%d0%b5%d0%bd%d0%bd%d1%8b%d0%b9-%d1%81%d0%ba%d0%b0%d1%80%d0%b0%d0%b1-%d0%b4%d0%bb%d1%8f-%d1%82%d0%b5%d0%bb%d0%b0-black-honey-250%d0%bc%d0%bb","status":"publish","type":"product","link":"https:\/\/bodysoulshop.com\/es\/producto\/%d0%bf%d0%b5%d0%bd%d0%bd%d1%8b%d0%b9-%d1%81%d0%ba%d0%b0%d1%80%d0%b0%d0%b1-%d0%b4%d0%bb%d1%8f-%d1%82%d0%b5%d0%bb%d0%b0-black-honey-250%d0%bc%d0%bb\/","title":{"rendered":"Exfoliante corporal espumoso BLACK HONEY (250 ml)"},"content":{"rendered":"<p data-start=\"479\" data-end=\"1068\">Esta f\u00f3rmula es el resultado de la sinergia entre la ciencia bot\u00e1nica, los aceites naturales y la aromaterapia: suaves agentes limpiadores se combinan con valiosos aceites vegetales, antioxidantes y exclusivas c\u00e9lulas madre de orqu\u00eddea, consideradas uno de los ingredientes m\u00e1s raros y apreciados en cosm\u00e9tica.<br data-start=\"804\" data-end=\"807\" \/>El exfoliante act\u00faa con delicadeza, crea una espuma suave, nutre intensamente y aporta a la piel suavidad, sedosidad y sensaci\u00f3n de renovaci\u00f3n.\nCada aplicaci\u00f3n no es solo limpieza, sino un aut\u00e9ntico ritual de cuidado, relajaci\u00f3n y recuperaci\u00f3n del equilibrio interior.<\/p>\n<hr data-start=\"1070\" data-end=\"1110\" \/>\n<p data-start=\"1112\" data-end=\"1149\"><strong data-start=\"1112\" data-end=\"1149\">\u0410\u043a\u0442\u0438\u0432\u043d\u044b\u0435 \u043a\u043e\u043c\u043f\u043e\u043d\u0435\u043d\u0442\u044b \u0438 \u0438\u0445 \u0441\u0438\u043d\u0435\u0440\u0433\u0438\u044f<\/strong><\/p>\n<ol data-start=\"1151\" data-end=\"3592\">\n<li data-start=\"1151\" data-end=\"1367\">\n<p data-start=\"1154\" data-end=\"1367\"><strong data-start=\"1154\" data-end=\"1181\">Hidrolato de rosa damascena<\/strong><br data-start=\"1181\" data-end=\"1184\" \/>Acci\u00f3n: hidrata en profundidad, suaviza, calma y tonifica la piel.<br data-start=\"1253\" data-end=\"1256\" \/>Efecto aromaterap\u00e9utico: relaja, armoniza y devuelve la sensaci\u00f3n de confianza y delicadeza interior.<\/p>\n<\/li>\n<li data-start=\"1369\" data-end=\"1509\">\n<p data-start=\"1372\" data-end=\"1509\"><strong data-start=\"1372\" data-end=\"1398\">Aceite de onagra<\/strong><br data-start=\"1398\" data-end=\"1401\" \/>Nutre intensamente y restaura la piel seca y sensible, reduce la inflamaci\u00f3n y mejora la elasticidad.<\/p>\n<\/li>\n<li data-start=\"1511\" data-end=\"1627\">\n<p data-start=\"1514\" data-end=\"1627\"><strong data-start=\"1514\" data-end=\"1531\">Aceite de arroz<\/strong><br data-start=\"1531\" data-end=\"1534\" \/>Textura ligera que suaviza profundamente la piel, aporta vitamina E y protege frente a la sequedad.<\/p>\n<\/li>\n<li data-start=\"1629\" data-end=\"1760\">\n<p data-start=\"1632\" data-end=\"1760\"><strong data-start=\"1632\" data-end=\"1654\">Aceite de semilla de frambuesa<\/strong><br data-start=\"1654\" data-end=\"1657\" \/>Potente antioxidante, refuerza la barrera protectora de la piel, favorece la regeneraci\u00f3n y previene la deshidrataci\u00f3n.<\/p>\n<\/li>\n<li data-start=\"1762\" data-end=\"1885\">\n<p data-start=\"1765\" data-end=\"1885\"><strong data-start=\"1765\" data-end=\"1784\">Aceite de s\u00e9samo<\/strong><br data-start=\"1784\" data-end=\"1787\" \/>Nutre la piel, mejora su elasticidad, estimula la microcirculaci\u00f3n y ejerce una acci\u00f3n antioxidante.<\/p>\n<\/li>\n<li data-start=\"1887\" data-end=\"2009\">\n<p data-start=\"1890\" data-end=\"2009\"><strong data-start=\"1890\" data-end=\"1905\">Aceite de monoi<\/strong><br data-start=\"1905\" data-end=\"1908\" \/>Aporta sedosidad, suaviza y protege frente a la p\u00e9rdida de hidrataci\u00f3n, creando un delicado velo protector.<\/p>\n<\/li>\n<li data-start=\"2011\" data-end=\"2122\">\n<p data-start=\"2014\" data-end=\"2122\"><strong data-start=\"2014\" data-end=\"2040\">Aceite de semilla de grosella negra<\/strong><br data-start=\"2040\" data-end=\"2043\" \/>Calma la piel, la fortalece, aporta \u00e1cidos grasos omega y mejora el tono cut\u00e1neo.<\/p>\n<\/li>\n<li data-start=\"2124\" data-end=\"2262\">\n<p data-start=\"2127\" data-end=\"2262\"><strong data-start=\"2127\" data-end=\"2148\">Extracto de ginseng<\/strong><br data-start=\"2148\" data-end=\"2151\" \/>Activa la microcirculaci\u00f3n, mejora el tono de la piel, aumenta su resistencia al estr\u00e9s y ejerce un efecto rejuvenecedor.<\/p>\n<\/li>\n<li data-start=\"2264\" data-end=\"2366\">\n<p data-start=\"2267\" data-end=\"2366\"><strong data-start=\"2267\" data-end=\"2284\">Extracto de avena<\/strong><br data-start=\"2284\" data-end=\"2287\" \/>Calma la piel, reduce la irritaci\u00f3n y la deja suave, lisa y aterciopelada.<\/p>\n<\/li>\n<li data-start=\"2368\" data-end=\"2500\">\n<p data-start=\"2372\" data-end=\"2500\"><strong data-start=\"2372\" data-end=\"2403\">Extracto de centella asi\u00e1tica<\/strong><br data-start=\"2403\" data-end=\"2406\" \/>Acelera la renovaci\u00f3n celular, estimula la s\u00edntesis de col\u00e1geno y mejora la densidad y la suavidad de la piel.<\/p>\n<\/li>\n<li data-start=\"2502\" data-end=\"2629\">\n<p data-start=\"2506\" data-end=\"2629\"><strong data-start=\"2506\" data-end=\"2521\">Resveratrol<\/strong><br data-start=\"2521\" data-end=\"2524\" \/>Potente antioxidante que protege las c\u00e9lulas frente al envejecimiento y el da\u00f1o fotoinducido, mejorando la firmeza y la elasticidad de la piel.<\/p>\n<\/li>\n<li data-start=\"2631\" data-end=\"3133\">\n<p data-start=\"2635\" data-end=\"3133\"><strong data-start=\"2635\" data-end=\"2703\">C\u00e9lulas madre de orqu\u00eddea (Orchis Mascula Callus Culture Extract)<\/strong><br data-start=\"2703\" data-end=\"2706\" \/>Ingrediente biotecnol\u00f3gico excepcional \u2014 el coraz\u00f3n de la f\u00f3rmula.<br data-start=\"2762\" data-end=\"2765\" \/>Estimula la s\u00edntesis de col\u00e1geno y la actividad de los fibroblastos, mejora la firmeza y elasticidad de la piel y protege frente al estr\u00e9s oxidativo y el fotoenvejecimiento.\nProlonga el ciclo de vida celular y contribuye a preservar la juventud de la piel a nivel celular.<br data-start=\"2910\" data-end=\"2913\" \/>Pertenece a la categor\u00eda de ingredientes anti-edad de lujo y act\u00faa en profundidad, apoyando los mecanismos naturales de renovaci\u00f3n.<br data-start=\"3007\" data-end=\"3010\" \/>Pertenece a la categor\u00eda de ingredientes anti-edad de lujo y act\u00faa en profundidad, apoyando los mecanismos naturales de renovaci\u00f3n.<\/p>\n<\/li>\n<li data-start=\"3135\" data-end=\"3263\">\n<p data-start=\"3139\" data-end=\"3263\"><strong data-start=\"3139\" data-end=\"3165\">Aloe vera y D-pantenol<\/strong><br data-start=\"3165\" data-end=\"3168\" \/>Calman la piel tras la exfoliaci\u00f3n, hidratan en profundidad, suavizan y aceleran su recuperaci\u00f3n.<\/p>\n<\/li>\n<li data-start=\"3265\" data-end=\"3592\">\n<p data-start=\"3269\" data-end=\"3592\"><strong data-start=\"3269\" data-end=\"3326\">Aceites esenciales de ylang-ylang, pachuli y cedro del Atlas<\/strong><br data-start=\"3326\" data-end=\"3329\" \/>Ylang-ylang \u2014 relaja y despierta la sensibilidad.<br data-start=\"3382\" data-end=\"3385\" \/>Pachuli \u2014 aporta sensaci\u00f3n de calidez y equilibrio interior.<br data-start=\"3452\" data-end=\"3455\" \/>Cedro del Atlas \u2014 estabiliza y refuerza la sensaci\u00f3n de confianza.<br data-start=\"3528\" data-end=\"3531\" \/>Su sinergia crea un equilibrio aromaterap\u00e9utico natural.<\/p>\n<\/li>\n<\/ol>\n<hr data-start=\"3594\" data-end=\"3634\" \/>\n<p data-start=\"3636\" data-end=\"3885\"><strong data-start=\"3636\" data-end=\"3660\">Resultados de uso<\/strong><br data-start=\"3660\" data-end=\"3663\" \/>La piel se vuelve m\u00e1s lisa, suave y renovada.<br data-start=\"3709\" data-end=\"3712\" \/>Mejora la firmeza y el tono.<br data-start=\"3741\" data-end=\"3744\" \/>Disminuyen la sequedad y la descamaci\u00f3n.<br data-start=\"3778\" data-end=\"3781\" \/>Se restaura el brillo natural de la piel.<br data-start=\"3812\" data-end=\"3815\" \/>A nivel emocional, aporta sensaci\u00f3n de relajaci\u00f3n, cuidado y equilibrio interior.<\/p>\n<hr data-start=\"3887\" data-end=\"3927\" \/>\n<p data-start=\"3929\" data-end=\"4132\"><strong data-start=\"3929\" data-end=\"3950\">Modo de uso<\/strong><br data-start=\"3950\" data-end=\"3953\" \/>Aplicar el exfoliante sobre la piel h\u00fameda y masajear con movimientos circulares hasta formar espuma.<br data-start=\"4076\" data-end=\"4079\" \/>Aclarar con agua tibia.<br data-start=\"4099\" data-end=\"4102\" \/>Utilizar 2\u20133 veces por semana.<\/p>\n<hr data-start=\"4134\" data-end=\"4174\" \/>\n<p data-start=\"4176\" data-end=\"4316\"><strong data-start=\"4176\" data-end=\"4196\">Condiciones de conservaci\u00f3n<\/strong><br data-start=\"4196\" data-end=\"4199\" \/>Conservar a una temperatura de +5 \u00b0C a +25 \u00b0C, en un lugar protegido de la luz.<br data-start=\"4269\" data-end=\"4272\" \/>Evitar la entrada de agua en el envase.<\/p>\n<hr data-start=\"4318\" data-end=\"4358\" \/>\n<p data-start=\"4360\" data-end=\"4462\"><strong data-start=\"4360\" data-end=\"4377\">Vida \u00fatil<\/strong><br data-start=\"4377\" data-end=\"4380\" \/>12 meses a partir de la fecha de fabricaci\u00f3n.<br data-start=\"4411\" data-end=\"4414\" \/>Despu\u00e9s de la apertura, utilizar en un plazo de 6 meses.<\/p>\n<hr data-start=\"4464\" data-end=\"4504\" \/>\n<p data-start=\"4506\" data-end=\"4716\"><strong data-start=\"4506\" data-end=\"4531\">Precauciones<\/strong><br data-start=\"4531\" data-end=\"4534\" \/>Solo para uso externo.<br data-start=\"4566\" data-end=\"4569\" \/>Evitar el contacto con los ojos.<br data-start=\"4596\" data-end=\"4599\" \/>En caso de irritaci\u00f3n, suspender su uso.<br data-start=\"4650\" data-end=\"4653\" \/>No utilizar en caso de intolerancia individual a alguno de los componentes.<\/p>","protected":false},"excerpt":{"rendered":"<p data-start=\"188\" data-end=\"524\">El exfoliante corporal espumoso BLACK HONEY con su aroma caracter\u00edstico y c\u00e9lulas madre de orqu\u00eddea combina un complejo de aceites valiosos, extractos vegetales y antioxidantes que exfolian suavemente la piel, la nutren intensamente y favorecen su regeneraci\u00f3n. Gracias a su rica mezcla de aceites \u2014 rosa, onagra, frambuesa, monoi, s\u00e9samo y grosella negra \u2014 la piel se vuelve m\u00e1s lisa, firme y profundamente hidratada.<\/p>\n<p data-start=\"526\" data-end=\"864\">Los extractos de ginseng, avena y centella asi\u00e1tica calman la piel y aceleran su renovaci\u00f3n. El resveratrol y las c\u00e9lulas madre de orqu\u00eddea protegen las c\u00e9lulas frente al envejecimiento y ayudan a mejorar el tono. El aloe vera y el D-pantenol aportan suavidad y frescor, mientras que los aceites esenciales de ylang-ylang, pachuli y cedro del Atlas revelan un aroma delicado y potencian el efecto relajante.<\/p>\n<p data-start=\"866\" data-end=\"978\">El exfoliante limpia suavemente, espuma perfectamente y deja la piel lisa, luminosa y aterciopelada desde la primera aplicaci\u00f3n.<\/p>","protected":false},"featured_media":972,"comment_status":"open","ping_status":"closed","template":"","meta":[],"product_brand":[],"product_cat":[85,79],"product_tag":[],"class_list":{"0":"post-922","1":"product","2":"type-product","3":"status-publish","4":"has-post-thumbnail","6":"product_cat-85","7":"product_cat-organic-cosmetics","9":"first","10":"instock","11":"taxable","12":"shipping-taxable","13":"purchasable","14":"product-type-simple"},"jetpack_sharing_enabled":true,"_links":{"self":[{"href":"https:\/\/bodysoulshop.com\/es\/wp-json\/wp\/v2\/product\/922","targetHints":{"allow":["GET"]}}],"collection":[{"href":"https:\/\/bodysoulshop.com\/es\/wp-json\/wp\/v2\/product"}],"about":[{"href":"https:\/\/bodysoulshop.com\/es\/wp-json\/wp\/v2\/types\/product"}],"replies":[{"embeddable":true,"href":"https:\/\/bodysoulshop.com\/es\/wp-json\/wp\/v2\/comments?post=922"}],"wp:featuredmedia":[{"embeddable":true,"href":"https:\/\/bodysoulshop.com\/es\/wp-json\/wp\/v2\/media\/972"}],"wp:attachment":[{"href":"https:\/\/bodysoulshop.com\/es\/wp-json\/wp\/v2\/media?parent=922"}],"wp:term":[{"taxonomy":"product_brand","embeddable":true,"href":"https:\/\/bodysoulshop.com\/es\/wp-json\/wp\/v2\/product_brand?post=922"},{"taxonomy":"product_cat","embeddable":true,"href":"https:\/\/bodysoulshop.com\/es\/wp-json\/wp\/v2\/product_cat?post=922"},{"taxonomy":"product_tag","embeddable":true,"href":"https:\/\/bodysoulshop.com\/es\/wp-json\/wp\/v2\/product_tag?post=922"}],"curies":[{"name":"wp","href":"https:\/\/api.w.org\/{rel}","templated":true}]}}