{"id":478,"date":"2025-08-31T09:16:40","date_gmt":"2025-08-31T07:16:40","guid":{"rendered":"https:\/\/shop5253.live-website.com\/?post_type=product&#038;p=478"},"modified":"2025-10-19T18:26:24","modified_gmt":"2025-10-19T16:26:24","slug":"%d0%b0%d1%80%d0%be%d0%bc%d0%b0-%d1%82%d0%be%d0%bd%d0%b5%d1%80-100%d0%bc%d0%bb","status":"publish","type":"product","link":"https:\/\/bodysoulshop.com\/es\/producto\/%d0%b0%d1%80%d0%be%d0%bc%d0%b0-%d1%82%d0%be%d0%bd%d0%b5%d1%80-100%d0%bc%d0%bb\/","title":{"rendered":"T\u00f3nico arom\u00e1tico (100 ml)"},"content":{"rendered":"<p>El T\u00f3nico Arom\u00e1tico de alta eficacia act\u00faa como un escudo invisible que, con solo unas pulverizaciones, protege y nutre la piel gracias a una combinaci\u00f3n \u00fanica de componentes bot\u00e1nicos.\n\nGracias a su formato compacto y a su facilidad de uso, se convierte en un aliado diario en la lucha contra el estr\u00e9s y en el cuidado de la belleza de la piel.\n\nResultado: estimulaci\u00f3n de los procesos de autorregeneraci\u00f3n y protecci\u00f3n de la piel, y favorecimiento de una penetraci\u00f3n m\u00e1s profunda de los ingredientes activos de los productos aplicados posteriormente.<\/p>","protected":false},"excerpt":{"rendered":"<p>Estimula los procesos de autorregeneraci\u00f3n y protecci\u00f3n de la piel, y favorece una penetraci\u00f3n m\u00e1s profunda de los ingredientes activos de los productos de cuidado aplicados posteriormente.<\/p>","protected":false},"featured_media":559,"comment_status":"open","ping_status":"closed","template":"","meta":[],"product_brand":[],"product_cat":[52,79],"product_tag":[],"class_list":{"0":"post-478","1":"product","2":"type-product","3":"status-publish","4":"has-post-thumbnail","6":"product_cat-52","7":"product_cat-organic-cosmetics","9":"first","10":"instock","11":"featured","12":"taxable","13":"shipping-taxable","14":"purchasable","15":"product-type-simple"},"jetpack_sharing_enabled":true,"_links":{"self":[{"href":"https:\/\/bodysoulshop.com\/es\/wp-json\/wp\/v2\/product\/478","targetHints":{"allow":["GET"]}}],"collection":[{"href":"https:\/\/bodysoulshop.com\/es\/wp-json\/wp\/v2\/product"}],"about":[{"href":"https:\/\/bodysoulshop.com\/es\/wp-json\/wp\/v2\/types\/product"}],"replies":[{"embeddable":true,"href":"https:\/\/bodysoulshop.com\/es\/wp-json\/wp\/v2\/comments?post=478"}],"wp:featuredmedia":[{"embeddable":true,"href":"https:\/\/bodysoulshop.com\/es\/wp-json\/wp\/v2\/media\/559"}],"wp:attachment":[{"href":"https:\/\/bodysoulshop.com\/es\/wp-json\/wp\/v2\/media?parent=478"}],"wp:term":[{"taxonomy":"product_brand","embeddable":true,"href":"https:\/\/bodysoulshop.com\/es\/wp-json\/wp\/v2\/product_brand?post=478"},{"taxonomy":"product_cat","embeddable":true,"href":"https:\/\/bodysoulshop.com\/es\/wp-json\/wp\/v2\/product_cat?post=478"},{"taxonomy":"product_tag","embeddable":true,"href":"https:\/\/bodysoulshop.com\/es\/wp-json\/wp\/v2\/product_tag?post=478"}],"curies":[{"name":"wp","href":"https:\/\/api.w.org\/{rel}","templated":true}]}}