{"id":1093,"date":"2025-12-22T21:47:02","date_gmt":"2025-12-22T19:47:02","guid":{"rendered":"https:\/\/bodysoulshop.com\/?post_type=product&#038;p=1093"},"modified":"2026-01-15T12:14:40","modified_gmt":"2026-01-15T10:14:40","slug":"%d1%81%d1%8b%d0%b2%d0%be%d1%80%d0%be%d1%82%d0%ba%d0%b0-%d0%b4%d0%bb%d1%8f-%d0%bb%d0%b8%d1%86%d0%b0-%d0%ba%d0%b8%d1%81%d0%bb%d0%be%d1%82%d0%bd%d0%b0%d1%8f-30-%d0%bc%d0%bb","status":"publish","type":"product","link":"https:\/\/bodysoulshop.com\/es\/producto\/%d1%81%d1%8b%d0%b2%d0%be%d1%80%d0%be%d1%82%d0%ba%d0%b0-%d0%b4%d0%bb%d1%8f-%d0%bb%d0%b8%d1%86%d0%b0-%d0%ba%d0%b8%d1%81%d0%bb%d0%be%d1%82%d0%bd%d0%b0%d1%8f-30-%d0%bc%d0%bb\/","title":{"rendered":"S\u00e9rum facial \u00e1cido (30 ml)"},"content":{"rendered":"<p data-start=\"348\" data-end=\"575\">El s\u00e9rum \u00e1cido es un tratamiento concentrado formulado con un complejo de \u00e1cidos AHA\/PHA, extractos vegetales y activos hidratantes. Su f\u00f3rmula est\u00e1 dise\u00f1ada para renovar suavemente la piel, mejorar su textura y aportar un aspecto m\u00e1s uniforme.<\/p>\n<p data-start=\"577\" data-end=\"825\">Su composici\u00f3n combina \u00e1cidos (incluido el complejo AHA y la gluconolactona), antioxidantes y activos calmantes (aloe vera, D-pantenol), as\u00ed como agentes hidratantes (beta\u00edna, trehalosa), que ayudan a mantener el confort de la piel durante su uso.<\/p>\n<hr data-start=\"827\" data-end=\"830\" \/>\n<h2 data-start=\"832\" data-end=\"845\">Acci\u00f3n<\/h2>\n<ul>\n<li>Exfolia suavemente y favorece la renovaci\u00f3n de la piel<\/li>\n<li>Unifica el tono y la textura cut\u00e1nea<\/li>\n<li>Reduce el aspecto apagado y aporta un aspecto m\u00e1s fresco<\/li>\n<li>Mantiene la hidrataci\u00f3n y el confort de la piel<\/li>\n<li>Apto para uso en tratamiento o seg\u00fan las necesidades de la piel<\/li>\n<\/ul>\n<hr data-start=\"1084\" data-end=\"1087\" \/>\n<h2 data-start=\"1089\" data-end=\"1125\">Ingredientes activos y sus beneficios<\/h2>\n<p data-start=\"1127\" data-end=\"1214\"><strong data-start=\"1127\" data-end=\"1143\">Complejo AHA<\/strong><br data-start=\"1143\" data-end=\"1146\" \/>Exfoliaci\u00f3n suave y renovaci\u00f3n de la piel, mejora del tono y la textura.<\/p>\n<p data-start=\"1216\" data-end=\"1292\"><strong data-start=\"1216\" data-end=\"1239\">Gluconolactona (PHA)<\/strong><br data-start=\"1239\" data-end=\"1242\" \/>Renovaci\u00f3n suave de la piel y refuerzo de la hidrataci\u00f3n<\/p>\n<p data-start=\"1294\" data-end=\"1350\"><strong data-start=\"1294\" data-end=\"1313\">\u00c1cido k\u00f3jico<\/strong><br data-start=\"1313\" data-end=\"1316\" \/>Contribuye a un tono de piel m\u00e1s uniforme.<\/p>\n<p data-start=\"1352\" data-end=\"1410\"><strong data-start=\"1352\" data-end=\"1373\">\u00c1cido fer\u00falico<\/strong><br data-start=\"1373\" data-end=\"1376\" \/>Potente acci\u00f3n antioxidante que protege la f\u00f3rmula<\/p>\n<p data-start=\"1412\" data-end=\"1514\"><strong data-start=\"1412\" data-end=\"1438\">Aloe vera y D-pantenol<\/strong><br data-start=\"1438\" data-end=\"1441\" \/>Calman la piel, reducen la sensaci\u00f3n de molestia y favorecen su regeneraci\u00f3n.<\/p>\n<p data-start=\"1516\" data-end=\"1619\"><strong data-start=\"1516\" data-end=\"1556\">Extractos de avena, pepino y t\u00e9 verde<\/strong><br data-start=\"1556\" data-end=\"1559\" \/>Complejo calmante y antioxidante para el cuidado diario de la piel.<\/p>\n<p data-start=\"1621\" data-end=\"1694\"><strong data-start=\"1621\" data-end=\"1643\">Beta\u00edna y trehalosa<\/strong><br data-start=\"1643\" data-end=\"1646\" \/>Componentes hidratantes para mantener el confort de la piel.<\/p>\n<p data-start=\"1696\" data-end=\"1770\"><strong data-start=\"1696\" data-end=\"1733\">Aceites esenciales de lim\u00f3n, menta y cedro<\/strong><br data-start=\"1733\" data-end=\"1736\" \/>Composici\u00f3n arom\u00e1tica del producto.<\/p>\n<hr data-start=\"1772\" data-end=\"1775\" \/>\n<h2 data-start=\"1777\" data-end=\"1799\">Modo de uso<\/h2>\n<p data-start=\"1800\" data-end=\"1931\">Aplicar sobre la piel limpia y seca del rostro, evitando el contorno de los ojos.<br data-start=\"1867\" data-end=\"1870\" \/>Utilizar preferentemente por la noche. Durante el d\u00eda se recomienda el uso de protector solar (SPF).<\/p>\n<hr data-start=\"1933\" data-end=\"1936\" \/>\n<h2 data-start=\"1938\" data-end=\"1959\">Condiciones de conservaci\u00f3n<\/h2>\n<p data-start=\"1960\" data-end=\"2023\">Conservar a una temperatura de +5\u2026+25 \u00b0C, en un lugar protegido de la luz.<\/p>\n<hr data-start=\"2025\" data-end=\"2028\" \/>\n<h2 data-start=\"2030\" data-end=\"2048\">Vida \u00fatil<\/h2>\n<p data-start=\"2049\" data-end=\"2090\">12 meses.<br data-start=\"2060\" data-end=\"2063\" \/>Despu\u00e9s de la apertura: 6 meses.<\/p>\n<hr data-start=\"2092\" data-end=\"2095\" \/>\n<h2 data-start=\"2097\" data-end=\"2123\">Precauciones<\/h2>\n<p data-start=\"2124\" data-end=\"2306\">Solo para uso externo.<br data-start=\"2156\" data-end=\"2159\" \/>Evitar el contacto con los ojos.<br data-start=\"2186\" data-end=\"2189\" \/>En caso de irritaci\u00f3n, suspender su uso.<br data-start=\"2240\" data-end=\"2243\" \/>No utilizar en caso de intolerancia individual a alguno de los componentes.<\/p>\n<hr data-start=\"2308\" data-end=\"2311\" \/>\n<h2 data-start=\"2313\" data-end=\"2322\">INCI<\/h2>\n<p data-start=\"2323\" data-end=\"2561\">Hydrolato de cipr\u00e9s, Aloe vera, D-pantenol, extracto de avena, extracto de pepino, extracto de t\u00e9 verde, \u00e1cido fer\u00falico, \u00e1cido k\u00f3jico, complejo AHA, gluconolactona, beta\u00edna, trehalosa, aceite esencial de lim\u00f3n, aceite esencial de menta, aceite esencial de cedro, goma xantana, Leucidal.<\/p>","protected":false},"excerpt":{"rendered":"<p>S\u00e9rum facial con \u00e1cidos que exfolia suavemente, unifica el tono y la textura de la piel y aporta un aspecto m\u00e1s luminoso y uniforme. Apto para el cuidado regular seg\u00fan las necesidades de la piel.<\/p>","protected":false},"featured_media":1094,"comment_status":"open","ping_status":"closed","template":"","meta":[],"product_brand":[],"product_cat":[79],"product_tag":[],"class_list":{"0":"post-1093","1":"product","2":"type-product","3":"status-publish","4":"has-post-thumbnail","6":"product_cat-organic-cosmetics","8":"first","9":"instock","10":"taxable","11":"shipping-taxable","12":"purchasable","13":"product-type-simple"},"jetpack_sharing_enabled":true,"_links":{"self":[{"href":"https:\/\/bodysoulshop.com\/es\/wp-json\/wp\/v2\/product\/1093","targetHints":{"allow":["GET"]}}],"collection":[{"href":"https:\/\/bodysoulshop.com\/es\/wp-json\/wp\/v2\/product"}],"about":[{"href":"https:\/\/bodysoulshop.com\/es\/wp-json\/wp\/v2\/types\/product"}],"replies":[{"embeddable":true,"href":"https:\/\/bodysoulshop.com\/es\/wp-json\/wp\/v2\/comments?post=1093"}],"wp:featuredmedia":[{"embeddable":true,"href":"https:\/\/bodysoulshop.com\/es\/wp-json\/wp\/v2\/media\/1094"}],"wp:attachment":[{"href":"https:\/\/bodysoulshop.com\/es\/wp-json\/wp\/v2\/media?parent=1093"}],"wp:term":[{"taxonomy":"product_brand","embeddable":true,"href":"https:\/\/bodysoulshop.com\/es\/wp-json\/wp\/v2\/product_brand?post=1093"},{"taxonomy":"product_cat","embeddable":true,"href":"https:\/\/bodysoulshop.com\/es\/wp-json\/wp\/v2\/product_cat?post=1093"},{"taxonomy":"product_tag","embeddable":true,"href":"https:\/\/bodysoulshop.com\/es\/wp-json\/wp\/v2\/product_tag?post=1093"}],"curies":[{"name":"wp","href":"https:\/\/api.w.org\/{rel}","templated":true}]}}