{"id":1040,"date":"2025-12-18T23:09:13","date_gmt":"2025-12-18T21:09:13","guid":{"rendered":"https:\/\/bodysoulshop.com\/?post_type=product&#038;p=1040"},"modified":"2026-04-05T16:21:51","modified_gmt":"2026-04-05T14:21:51","slug":"%d0%bf%d0%be%d0%b4%d0%b0%d1%80%d0%be%d1%87%d0%bd%d1%8b%d0%b9-%d0%bd%d0%b0%d0%b1%d0%be%d1%80-%e2%84%962-%d0%bf%d0%b5%d0%bd%d0%bd%d1%8b%d0%b9-%d1%81%d0%ba%d0%b0%d1%80%d0%b0%d0%b1-%d0%b4%d0%bb%d1%8f","status":"publish","type":"product","link":"https:\/\/bodysoulshop.com\/es\/producto\/%d0%bf%d0%be%d0%b4%d0%b0%d1%80%d0%be%d1%87%d0%bd%d1%8b%d0%b9-%d0%bd%d0%b0%d0%b1%d0%be%d1%80-%e2%84%962-%d0%bf%d0%b5%d0%bd%d0%bd%d1%8b%d0%b9-%d1%81%d0%ba%d0%b0%d1%80%d0%b0%d0%b1-%d0%b4%d0%bb%d1%8f\/","title":{"rendered":"\u041f\u043e\u0434\u0430\u0440\u043e\u0447\u043d\u044b\u0439 \u043d\u0430\u0431\u043e\u0440 \u21162 \u041f\u0435\u043d\u043d\u044b\u0439 \u0441\u043a\u0430\u0440\u0430\u0431 \u0434\u043b\u044f \u0442\u0435\u043b\u0430"},"content":{"rendered":"<p>El exfoliante corporal espumoso BLACK HONEY con su aroma caracter\u00edstico y c\u00e9lulas madre de orqu\u00eddea combina un complejo de aceites valiosos, extractos vegetales y antioxidantes que exfolian suavemente la piel, la nutren intensamente y favorecen su regeneraci\u00f3n. Gracias a su rica mezcla de aceites \u2014 rosa, onagra, frambuesa, monoi, s\u00e9samo y grosella negra \u2014 la piel se vuelve m\u00e1s lisa, firme y profundamente hidratada.<\/p>\n<p>\u041f\u043e\u043b\u043d\u043e\u0435 \u043e\u043f\u0438\u0441\u0430\u043d\u0438\u0435 \u0442\u043e\u0432\u0430\u0440\u0430: https:\/\/bodysoulshop.com\/product\/\u043f\u0435\u043d\u043d\u044b\u0439-\u0441\u043a\u0430\u0440\u0430\u0431-\u0434\u043b\u044f-\u0442\u0435\u043b\u0430-black-honey-250\u043c\u043b\/<\/p>","protected":false},"excerpt":{"rendered":"<p>\u0421\u043a\u0440\u0430\u0431 \u0432 \u0438\u043d\u0434\u0438\u0432\u0438\u0434\u0443\u0430\u043b\u044c\u043d\u043e\u0439 \u043d\u043e\u0432\u043e\u0433\u043e\u0434\u043d\u0435\u0439 \u0443\u043f\u0430\u043a\u043e\u0432\u043a\u0435 &#8212; \u0445\u043e\u0440\u043e\u0448\u0438\u0439 \u043f\u043e\u0434\u0430\u0440\u043e\u043a \u0430 \u0420\u043e\u0436\u0434\u0435\u0441\u0442\u0432\u043e \u0438 \u041d\u043e\u0432\u044b\u0439 \u0433\u043e\u0434. \u041e\u043d \u043c\u044f\u0433\u043a\u043e \u043e\u0447\u0438\u0449\u0430\u0435\u0442 \u043a\u043e\u0436\u0443, \u0443\u043b\u0443\u0447\u0448\u0430\u0435\u0442 \u043c\u0438\u043a\u0440\u043e\u0446\u0438\u0440\u043a\u0443\u043b\u044f\u0446\u0438\u044e \u0438 \u043f\u043e\u0434\u0433\u043e\u0442\u0430\u0432\u043b\u0438\u0432\u0430\u0435\u0442 \u043a\u043e\u0436\u0443 \u043a \u0434\u0430\u043b\u044c\u043d\u0435\u0439\u0448\u0435\u043c\u0443 \u0443\u0445\u043e\u0434\u0443. \u0414\u0435\u043b\u0430\u0435\u0442 \u043a\u043e\u0436\u0443 \u0431\u043e\u043b\u0435\u0435 \u0433\u043b\u0430\u0434\u043a\u043e\u0439 \u0438 \u0443\u0445\u043e\u0436\u0435\u043d\u043d\u043e\u0439 \u043f\u043e\u0441\u043b\u0435 \u043f\u0435\u0440\u0432\u043e\u0433\u043e \u043f\u0440\u0438\u043c\u0435\u043d\u0438\u044f.<\/p>","protected":false},"featured_media":1041,"comment_status":"open","ping_status":"closed","template":"","meta":[],"product_brand":[],"product_cat":[87],"product_tag":[],"class_list":{"0":"post-1040","1":"product","2":"type-product","3":"status-publish","4":"has-post-thumbnail","6":"product_cat-87","8":"first","9":"instock","10":"taxable","11":"shipping-taxable","12":"purchasable","13":"product-type-simple"},"jetpack_sharing_enabled":true,"_links":{"self":[{"href":"https:\/\/bodysoulshop.com\/es\/wp-json\/wp\/v2\/product\/1040","targetHints":{"allow":["GET"]}}],"collection":[{"href":"https:\/\/bodysoulshop.com\/es\/wp-json\/wp\/v2\/product"}],"about":[{"href":"https:\/\/bodysoulshop.com\/es\/wp-json\/wp\/v2\/types\/product"}],"replies":[{"embeddable":true,"href":"https:\/\/bodysoulshop.com\/es\/wp-json\/wp\/v2\/comments?post=1040"}],"wp:featuredmedia":[{"embeddable":true,"href":"https:\/\/bodysoulshop.com\/es\/wp-json\/wp\/v2\/media\/1041"}],"wp:attachment":[{"href":"https:\/\/bodysoulshop.com\/es\/wp-json\/wp\/v2\/media?parent=1040"}],"wp:term":[{"taxonomy":"product_brand","embeddable":true,"href":"https:\/\/bodysoulshop.com\/es\/wp-json\/wp\/v2\/product_brand?post=1040"},{"taxonomy":"product_cat","embeddable":true,"href":"https:\/\/bodysoulshop.com\/es\/wp-json\/wp\/v2\/product_cat?post=1040"},{"taxonomy":"product_tag","embeddable":true,"href":"https:\/\/bodysoulshop.com\/es\/wp-json\/wp\/v2\/product_tag?post=1040"}],"curies":[{"name":"wp","href":"https:\/\/api.w.org\/{rel}","templated":true}]}}